{"id":1274,"date":"2023-02-21T15:15:14","date_gmt":"2023-02-21T14:15:14","guid":{"rendered":"https:\/\/sp1.brzesckujawski.pl\/2022\/?page_id=1274"},"modified":"2023-02-21T15:21:15","modified_gmt":"2023-02-21T14:21:15","slug":"telefony-kontaktowe","status":"publish","type":"page","link":"https:\/\/sp1.brzesckujawski.pl\/2022\/?page_id=1274","title":{"rendered":"Telefony kontaktowe"},"content":{"rendered":"\n<figure class=\"wp-block-image size-full is-resized\"><img loading=\"lazy\" decoding=\"async\" src=\"https:\/\/sp1.brzesckujawski.pl\/2022\/wp-content\/uploads\/2023\/02\/obraz-1.png\" alt=\"\" class=\"wp-image-1279\" width=\"347\" height=\"231\" srcset=\"https:\/\/sp1.brzesckujawski.pl\/2022\/wp-content\/uploads\/2023\/02\/obraz-1.png 459w, https:\/\/sp1.brzesckujawski.pl\/2022\/wp-content\/uploads\/2023\/02\/obraz-1-300x200.png 300w\" sizes=\"auto, (max-width: 347px) 100vw, 347px\" \/><\/figure>\n\n\n\n<p class=\"has-black-color has-text-color has-medium-font-size\"><strong>Sekretariat szko\u0142y: 54 252-15-26<\/strong><\/p>\n\n\n\n<p class=\"has-black-color has-text-color has-medium-font-size\"><strong>Sto\u0142\u00f3wka szkolna: 54 252-26-54  lub  510-648-753<\/strong><\/p>\n\n\n\n<p class=\"has-black-color has-text-color has-medium-font-size\"><strong>Gabinet psychologa szkolnego: 519-322-193<\/strong><\/p>\n\n\n\n<p class=\"has-black-color has-text-color has-medium-font-size\"><strong>Gabinet pedagoga szkolnego: 54 230-35-31<\/strong><\/p>\n","protected":false},"excerpt":{"rendered":"<p>Sekretariat szko\u0142y: 54 252-15-26 Sto\u0142\u00f3wka szkolna: 54 252-26-54 lub 510-648-753 Gabinet psychologa szkolnego: 519-322-193 Gabinet pedagoga szkolnego: 54 230-35-31<\/p>\n","protected":false},"author":2,"featured_media":0,"parent":0,"menu_order":0,"comment_status":"closed","ping_status":"closed","template":"","meta":{"footnotes":""},"class_list":["post-1274","page","type-page","status-publish","hentry"],"_links":{"self":[{"href":"https:\/\/sp1.brzesckujawski.pl\/2022\/index.php?rest_route=\/wp\/v2\/pages\/1274","targetHints":{"allow":["GET"]}}],"collection":[{"href":"https:\/\/sp1.brzesckujawski.pl\/2022\/index.php?rest_route=\/wp\/v2\/pages"}],"about":[{"href":"https:\/\/sp1.brzesckujawski.pl\/2022\/index.php?rest_route=\/wp\/v2\/types\/page"}],"author":[{"embeddable":true,"href":"https:\/\/sp1.brzesckujawski.pl\/2022\/index.php?rest_route=\/wp\/v2\/users\/2"}],"replies":[{"embeddable":true,"href":"https:\/\/sp1.brzesckujawski.pl\/2022\/index.php?rest_route=%2Fwp%2Fv2%2Fcomments&post=1274"}],"version-history":[{"count":2,"href":"https:\/\/sp1.brzesckujawski.pl\/2022\/index.php?rest_route=\/wp\/v2\/pages\/1274\/revisions"}],"predecessor-version":[{"id":1280,"href":"https:\/\/sp1.brzesckujawski.pl\/2022\/index.php?rest_route=\/wp\/v2\/pages\/1274\/revisions\/1280"}],"wp:attachment":[{"href":"https:\/\/sp1.brzesckujawski.pl\/2022\/index.php?rest_route=%2Fwp%2Fv2%2Fmedia&parent=1274"}],"curies":[{"name":"wp","href":"https:\/\/api.w.org\/{rel}","templated":true}]}}