{"id":23,"date":"2022-11-15T21:17:52","date_gmt":"2022-11-15T20:17:52","guid":{"rendered":"https:\/\/sp1.brzesckujawski.pl\/2022\/?page_id=23"},"modified":"2023-06-11T20:50:34","modified_gmt":"2023-06-11T18:50:34","slug":"strona_startowa","status":"publish","type":"page","link":"https:\/\/sp1.brzesckujawski.pl\/2022\/","title":{"rendered":"strona_startowa"},"content":{"rendered":"\n<p>Zapraszamy do&nbsp; Szko\u0142y Podstawowej<\/p>\n\n\n\n<p>Zapraszamy do&nbsp; Szko\u0142y Podstawowej<\/p>\n\n\n\n<p>Zapraszamy do&nbsp; Szko\u0142y Podstawowej<\/p>\n\n\n\n<p class=\"has-white-background-color has-background\"><\/p>\n\n\n\n<p class=\"has-white-background-color has-background\"><\/p>\n\n\n\n<p><\/p>\n","protected":false},"excerpt":{"rendered":"<p>Zapraszamy do&nbsp; Szko\u0142y Podstawowej Zapraszamy do&nbsp; Szko\u0142y Podstawowej Zapraszamy do&nbsp; Szko\u0142y Podstawowej<\/p>\n","protected":false},"author":1,"featured_media":0,"parent":0,"menu_order":0,"comment_status":"closed","ping_status":"closed","template":"tpl-homepage.php","meta":{"footnotes":""},"class_list":["post-23","page","type-page","status-publish","hentry"],"_links":{"self":[{"href":"https:\/\/sp1.brzesckujawski.pl\/2022\/index.php?rest_route=\/wp\/v2\/pages\/23","targetHints":{"allow":["GET"]}}],"collection":[{"href":"https:\/\/sp1.brzesckujawski.pl\/2022\/index.php?rest_route=\/wp\/v2\/pages"}],"about":[{"href":"https:\/\/sp1.brzesckujawski.pl\/2022\/index.php?rest_route=\/wp\/v2\/types\/page"}],"author":[{"embeddable":true,"href":"https:\/\/sp1.brzesckujawski.pl\/2022\/index.php?rest_route=\/wp\/v2\/users\/1"}],"replies":[{"embeddable":true,"href":"https:\/\/sp1.brzesckujawski.pl\/2022\/index.php?rest_route=%2Fwp%2Fv2%2Fcomments&post=23"}],"version-history":[{"count":11,"href":"https:\/\/sp1.brzesckujawski.pl\/2022\/index.php?rest_route=\/wp\/v2\/pages\/23\/revisions"}],"predecessor-version":[{"id":329,"href":"https:\/\/sp1.brzesckujawski.pl\/2022\/index.php?rest_route=\/wp\/v2\/pages\/23\/revisions\/329"}],"wp:attachment":[{"href":"https:\/\/sp1.brzesckujawski.pl\/2022\/index.php?rest_route=%2Fwp%2Fv2%2Fmedia&parent=23"}],"curies":[{"name":"wp","href":"https:\/\/api.w.org\/{rel}","templated":true}]}}