{"id":40,"date":"2022-11-15T21:39:52","date_gmt":"2022-11-15T20:39:52","guid":{"rendered":"https:\/\/sp1.brzesckujawski.pl\/2022\/?page_id=40"},"modified":"2024-11-07T08:57:28","modified_gmt":"2024-11-07T07:57:28","slug":"dokumenty-szkoly","status":"publish","type":"page","link":"https:\/\/sp1.brzesckujawski.pl\/2022\/?page_id=40","title":{"rendered":"Dokumenty szko\u0142y"},"content":{"rendered":"\n<p class=\"has-vivid-red-color has-text-color has-medium-font-size\"><strong><a href=\"https:\/\/sp1.brzesckujawski.pl\/2022\/wp-content\/uploads\/2024\/11\/Statut-Szkoly-Podstawowej-nr1.pdf\">STATUT  SZKO\u0141Y  PODSTAWOWEJ  Nr1  w BRZE\u015aCIU  KUJAWSKIM <\/a><\/strong><\/p>\n\n\n\n<p class=\"has-pale-pink-color has-text-color has-link-color has-medium-font-size wp-elements-ff703db7df6a44ae896fa0e3d37470dd\"><strong><a href=\"https:\/\/sp1.brzesckujawski.pl\/2022\/wp-content\/uploads\/2024\/09\/Statut-Szkoly-Podstawowej-nr-1-zalaczniki.pdf\">STATUT  SZKO\u0141Y  PODSTAWOWEJ  Nr1  w  BRZE\u015aCIU  KUJAWSKIM &#8211; za\u0142\u0105czniki<\/a><\/strong><\/p>\n\n\n\n<p class=\"has-text-color has-link-color has-medium-font-size wp-elements-7155a28476940ad8db498389e5a5cd4d\" style=\"color:#572b80\"><strong><a href=\"https:\/\/sp1.brzesckujawski.pl\/2022\/wp-content\/uploads\/2024\/02\/Standary-ochrony-maloletnichN.pdf\">Standardy Ochrony Ma\u0142oletnich SP nr1 w Brze\u015bciu Kujawskim<\/a><\/strong><\/p>\n\n\n\n<p class=\"has-black-color has-text-color has-medium-font-size\"><strong><a href=\"https:\/\/sp1.brzesckujawski.pl\/2022\/wp-content\/uploads\/2023\/09\/PROGRAM_WYCH___PROF_SP1.pdf\">Program Wychowawczo-Profilaktyczny<\/a><\/strong><\/p>\n\n\n\n<p class=\"has-text-color has-link-color has-medium-font-size wp-elements-7d1c77494fa5aa99f0880219a375d36a\" style=\"color:#105d40\"><a href=\"https:\/\/sp1.brzesckujawski.pl\/2022\/wp-content\/uploads\/2024\/02\/Zarzadzenie-nr-3-2024.pdf\"><strong>Zarz\u0105dzenie nr 3\/2024 w sprawie powo\u0142ania Komisji Rekrutacyjnej<\/strong><\/a><\/p>\n\n\n\n<p class=\"has-black-color has-text-color has-link-color has-medium-font-size wp-elements-2c77a67b37df2264ba07aef19d61de8c\"><strong><a href=\"https:\/\/sp1.brzesckujawski.pl\/2022\/wp-content\/uploads\/2024\/03\/Regulamin-zachowania-sie-uczniow-w-autobusie-szkolnym.pdf\">Regulamin zachowania si\u0119 uczni\u00f3w w autobusie szkolnym.<\/a><\/strong><\/p>\n\n\n\n<p class=\"has-black-color has-text-color has-medium-font-size\"><strong><a href=\"https:\/\/sp1.brzesckujawski.pl\/2022\/wp-content\/uploads\/2023\/01\/Zakres-obowiazkow-pracownika-do-spraw-BHP.pdf\">Zakres obowi\u0105zk\u00f3w pracownika do spraw BHP<\/a><\/strong><\/p>\n\n\n\n<p class=\"has-black-color has-text-color has-medium-font-size\"><strong><a href=\"https:\/\/sp1.brzesckujawski.pl\/2022\/wp-content\/uploads\/2023\/01\/Zakres-obowiazkow-spolecznego-inspektora-pracy.pdf\">Zakres obowi\u0105zk\u00f3w spo\u0142ecznego inspektora pracy<\/a><\/strong><\/p>\n\n\n\n<p class=\"has-black-color has-text-color has-medium-font-size\"><strong><a href=\"https:\/\/sp1.brzesckujawski.pl\/2022\/wp-content\/uploads\/2023\/01\/Regulamin-SU-SP1-Brzec-Kuj-1.pdf\">Regulamin Samorz\u0105du Uczniowskiego<\/a><\/strong><\/p>\n\n\n\n<p class=\"has-black-color has-text-color has-medium-font-size\"><strong><a href=\"https:\/\/sp1.brzesckujawski.pl\/2022\/wp-content\/uploads\/2023\/03\/Regulamin-rady-pedagogicznej-p.pdf\">Regulamin Rady Pedagogicznej<\/a><\/strong><\/p>\n\n\n\n<p class=\"has-black-color has-text-color has-medium-font-size\"><strong><a href=\"https:\/\/sp1.brzesckujawski.pl\/2022\/wp-content\/uploads\/2023\/01\/REGULAMIN-RADY-RODZICOW-W-SZKOLE-PODSTAWOWEJ-NR-1-pop2.pdf\">Regulamin Rady Rodzic\u00f3w<\/a><\/strong><\/p>\n\n\n\n<p class=\"has-medium-font-size\"><mark style=\"background-color:rgba(0, 0, 0, 0)\" class=\"has-inline-color has-black-color\"><strong><a href=\"https:\/\/sp1.brzesckujawski.pl\/2022\/wp-content\/uploads\/2023\/02\/PROCEDURY-ORGANIZACJI-WYCIECZEK-SP1-tekst-ujednolicony.pdf\">Organizacja wyj\u015b\u0107 pozaszkolnych i wycieczek<\/a><\/strong> <\/mark><\/p>\n\n\n\n<p class=\"has-black-color has-text-color has-medium-font-size\"><a href=\"https:\/\/sp1.brzesckujawski.pl\/2022\/wp-content\/uploads\/2023\/01\/Harm-plan-wyc-2022.pdf\"><strong>Harmonogram planowanych wycieczek<\/strong><\/a><\/p>\n\n\n\n<p><\/p>\n\n\n\n<p class=\"has-vivid-purple-color has-text-color has-medium-font-size\"><strong>Procedury bezpiecze\u0144stwa w okresie pracy szko\u0142y w re\u017cimie sanitarnym w zwi\u0105zku z zapobieganiem, przeciwdzia\u0142aniem i zwalczaniem&nbsp; COVID-19<\/strong>.<\/p>\n\n\n\n<p class=\"has-medium-font-size\"><a href=\"https:\/\/sp1.brzesckujawski.pl\/2022\/wp-content\/uploads\/2023\/01\/covid-1-1.pdf\">I.&nbsp;Procedura&nbsp;post\u0119powania podczas przychodzenia uczni\u00f3w do szko\u0142y.<\/a><\/p>\n\n\n\n<p class=\"has-medium-font-size\"><a href=\"https:\/\/sp1.brzesckujawski.pl\/2022\/wp-content\/uploads\/2023\/01\/covid-3.pdf\">II.&nbsp;Procedura post\u0119powania podczas wej\u015bcia do szko\u0142y osoby z zewn\u0105trz.<\/a><\/p>\n\n\n\n<p class=\"has-medium-font-size\"><a href=\"https:\/\/sp1.brzesckujawski.pl\/2022\/wp-content\/uploads\/2023\/01\/covid-5.pdf\">III. Procedura organizacji zaj\u0119\u0107.<\/a><\/p>\n\n\n\n<p class=\"has-medium-font-size\"><a href=\"https:\/\/sp1.brzesckujawski.pl\/2022\/wp-content\/uploads\/2023\/01\/covid-4.pdf\">IV. Procedura przebywania ucznia w szkole.<\/a><\/p>\n\n\n\n<p class=\"has-medium-font-size\"><a href=\"https:\/\/sp1.brzesckujawski.pl\/2022\/wp-content\/uploads\/2023\/01\/vovid-6.pdf\">V.&nbsp;Procedura post\u0119powania z uczniem, u kt\u00f3rego wyst\u0119puj\u0105 objawy, kt\u00f3re mog\u0105 sugerowa\u0107 zaka\u017cenie COVID 19.<\/a><\/p>\n\n\n\n<p class=\"has-medium-font-size\"><a href=\"https:\/\/sp1.brzesckujawski.pl\/2022\/wp-content\/uploads\/2023\/01\/covid-7.pdf\">VI. Procedura&nbsp;post\u0119powania na wypadek podejrzenia zaka\u017ceniem COVID-19 u pracownika szko\u0142y.<\/a><\/p>\n\n\n\n<p><\/p>\n\n\n\n<p class=\"has-black-color has-text-color has-medium-font-size\"><strong><a href=\"https:\/\/sp1.brzesckujawski.pl\/2022\/wp-content\/uploads\/2023\/09\/kalendarz-roku-szkolnego-_3_-_5__1_.pdf\">Kalendarz roku szkolnego<\/a><\/strong><\/p>\n","protected":false},"excerpt":{"rendered":"<p>STATUT SZKO\u0141Y PODSTAWOWEJ Nr1 w BRZE\u015aCIU KUJAWSKIM STATUT SZKO\u0141Y PODSTAWOWEJ Nr1 w BRZE\u015aCIU KUJAWSKIM &#8211; za\u0142\u0105czniki Standardy Ochrony Ma\u0142oletnich SP nr1 w Brze\u015bciu Kujawskim Program Wychowawczo-Profilaktyczny Zarz\u0105dzenie nr 3\/2024 w sprawie powo\u0142ania Komisji Rekrutacyjnej Regulamin zachowania si\u0119 uczni\u00f3w w autobusie szkolnym. Zakres obowi\u0105zk\u00f3w pracownika do spraw BHP Zakres obowi\u0105zk\u00f3w spo\u0142ecznego inspektora pracy Regulamin Samorz\u0105du Uczniowskiego [&hellip;]<\/p>\n","protected":false},"author":2,"featured_media":0,"parent":0,"menu_order":0,"comment_status":"closed","ping_status":"closed","template":"","meta":{"footnotes":""},"class_list":["post-40","page","type-page","status-publish","hentry"],"_links":{"self":[{"href":"https:\/\/sp1.brzesckujawski.pl\/2022\/index.php?rest_route=\/wp\/v2\/pages\/40","targetHints":{"allow":["GET"]}}],"collection":[{"href":"https:\/\/sp1.brzesckujawski.pl\/2022\/index.php?rest_route=\/wp\/v2\/pages"}],"about":[{"href":"https:\/\/sp1.brzesckujawski.pl\/2022\/index.php?rest_route=\/wp\/v2\/types\/page"}],"author":[{"embeddable":true,"href":"https:\/\/sp1.brzesckujawski.pl\/2022\/index.php?rest_route=\/wp\/v2\/users\/2"}],"replies":[{"embeddable":true,"href":"https:\/\/sp1.brzesckujawski.pl\/2022\/index.php?rest_route=%2Fwp%2Fv2%2Fcomments&post=40"}],"version-history":[{"count":69,"href":"https:\/\/sp1.brzesckujawski.pl\/2022\/index.php?rest_route=\/wp\/v2\/pages\/40\/revisions"}],"predecessor-version":[{"id":4537,"href":"https:\/\/sp1.brzesckujawski.pl\/2022\/index.php?rest_route=\/wp\/v2\/pages\/40\/revisions\/4537"}],"wp:attachment":[{"href":"https:\/\/sp1.brzesckujawski.pl\/2022\/index.php?rest_route=%2Fwp%2Fv2%2Fmedia&parent=40"}],"curies":[{"name":"wp","href":"https:\/\/api.w.org\/{rel}","templated":true}]}}